{"id":2175,"date":"2021-05-19T16:01:17","date_gmt":"2021-05-19T14:01:17","guid":{"rendered":"http:\/\/interactive-tours.eu\/?page_id=2175"},"modified":"2022-02-01T10:53:31","modified_gmt":"2022-02-01T09:53:31","slug":"agb","status":"publish","type":"page","link":"https:\/\/interactive-tours.eu\/de\/agb\/","title":{"rendered":"AGB"},"content":{"rendered":"<div class=\"fusion-fullwidth fullwidth-box fusion-builder-row-1 fusion-flex-container nonhundred-percent-fullwidth non-hundred-percent-height-scrolling\" style=\"--awb-border-radius-top-left:0px;--awb-border-radius-top-right:0px;--awb-border-radius-bottom-right:0px;--awb-border-radius-bottom-left:0px;--awb-flex-wrap:wrap;\" ><div class=\"fusion-builder-row fusion-row fusion-flex-align-items-flex-start fusion-flex-content-wrap\" style=\"max-width:calc( 1200px + 0px );margin-left: calc(-0px \/ 2 );margin-right: calc(-0px \/ 2 );\"><div class=\"fusion-layout-column fusion_builder_column fusion-builder-column-0 fusion_builder_column_1_1 1_1 fusion-flex-column\" style=\"--awb-bg-size:cover;--awb-width-large:100%;--awb-margin-top-large:0px;--awb-spacing-right-large:0px;--awb-margin-bottom-large:0px;--awb-spacing-left-large:0px;--awb-width-medium:100%;--awb-spacing-right-medium:0px;--awb-spacing-left-medium:0px;--awb-width-small:100%;--awb-spacing-right-small:0px;--awb-spacing-left-small:0px;\"><div class=\"fusion-column-wrapper fusion-flex-justify-content-flex-start fusion-content-layout-column\"><div class=\"fusion-text fusion-text-1\"><p><strong>1. Allgemeines<\/strong><\/p>\n<ul>\n<li>\u201eInteractive Tours\u201c ist eine Marke der <a href=\"https:\/\/himbeere.at\/\" target=\"_blank\" rel=\"noopener\">Eventagentur Himbeere<\/a> \u2013 Inhaber: Mario Herbert Stoiber.<\/li>\n<\/ul>\n<p><strong>2. Vertragsabschluss<\/strong><\/p>\n<ul>\n<li>Die folgenden Bestimmungen gelten f\u00fcr alle Buchungen, die \u00fcber <a href=\"https:\/\/interactive-tours.eu\">https:\/\/interactive-tours.eu<\/a>\u00a0 oder Dritte get\u00e4tigt werden.<\/li>\n<li>Im Falle einer Buchung kommt ein verbindlicher Vertrag mit Interactive Tours, Inhaber: Mario Herbert Stoiber, Lugeck 1-2\/Top 35, 1010 Wien, zustande.<\/li>\n<li>Die Produktinformationen auf der <a href=\"http:\/\/interactive-tours.eu\/\">Homepage<\/a> stellen rechtlich unverbindliche Aufforderungen zum Kauf dar. Erst mit dem Abschluss des Bestellprozesses gibt der K\u00e4ufer \/ die K\u00e4uferin ein verbindliches Angebot zum Abschluss eines Kaufvertrages ab.\u00a0Dieses Vertragsangebot gilt als angenommen und somit rechtskr\u00e4ftig, sobald Interactive Tours die Bestellung per E-Mail best\u00e4tigt, was im Regelfall umgehend passiert.<\/li>\n<\/ul>\n<p><strong>\u00a03.<\/strong><strong> Vertragskonditionen<\/strong><\/p>\n<ul>\n<li>Die auf der Website angegebenen Preise werden f\u00fcr das zeitlich beschr\u00e4nkte Nutzungsrecht der bereitgestellten Produkte erhoben und enthalten etwaige Steuern.<\/li>\n<li>Der Download von Fotos und Videos, die bei Nutzung eines erworbenen Produktes gemacht wurden, ist bis 90 Tage nach Erststart m\u00f6glich.<\/li>\n<li>M\u00f6gliche Zusatzkosten seitens anderer Drittanbieter (z.B. mobiles Internet) sind nicht in den angegebenen Preisen enthalten.<\/li>\n<li>Der f\u00e4llige Zahlungsbetrag kann bei Buchung online im Warenkorb via PayPal, Kreditkarte,\u00a0Sofort\u00fcberweisung und weiteren Zahlungsarten entrichtet werden.<\/li>\n<li>Die Zahlungsabwicklung erfolgt \u00fcber den Drittanbieter <a href=\"https:\/\/stripe.com\">Stripe<\/a>. Datenschutzbezogene Hinweise sind unseren Hinweisen zum\u00a0<a href=\"https:\/\/interactive-tours.eu\/de\/datenschutz\/\">Datenschutz<\/a>\u00a0zu entnehmen.<\/li>\n<\/ul>\n<p><strong>4. Lieferung<\/strong><\/p>\n<ul>\n<li>Das gekaufte Produkt (Tour) kann unmittelbar nach Erhalt der Best\u00e4tigungsmail bzw. des\u00a0sich darin befindlichen Links oder Codes gestartet werden.<\/li>\n<li>Die Lieferung erfolgt in digitaler Form, indem die Interactive Tours App, sowie die Spielinhalte auf internetf\u00e4higen Endger\u00e4ten zur Verf\u00fcgung gestellt werden. Es liegt in der Verantwortung des K\u00e4ufers \/ der K\u00e4uferin, die Eignung der technischen Ausstattung (zB: mobile Internetverbindung, aktuelle Betriebssoftware) sicherzustellen.<\/li>\n<li>Eine Haftung f\u00fcr technische Probleme, die nicht durch Interactive Tours verschuldet sind ist ausgeschlossen.<\/li>\n<\/ul>\n<p><strong>\u00a0<\/strong><strong>\u00a0<\/strong><strong>5. <\/strong><strong>Widerrufsrecht<\/strong><\/p>\n<ul>\n<li>Das R\u00fccktrittsrecht besteht grunds\u00e4tzlich, entf\u00e4llt jedoch bei digitalen Inhalten, die nicht auf einem k\u00f6rperlichen Datentr\u00e4ger geliefert werden (z.B. App und Spiele von Interactive Tours).<\/li>\n<li>K\u00e4ufer und K\u00e4uferinnen haben somit bei Interactive Tours kein gesetzliches R\u00fccktrittsrecht, da diese zuvor im Kaufprozess ausdr\u00fccklich mit Anhaken des Zustimmungsk\u00e4stchens auf den Verlust des R\u00fccktrittsrechts beim Erwerb von digitalen Inhalten hingewiesen worden sind (\u00a7 18 Abs 1 Z 11 FAGG).<\/li>\n<li>K\u00e4ufer und K\u00e4uferinnen wurden darauf hingewiesen, dass sie mit der sofortigen Zurverf\u00fcgungstellung des Downloads das R\u00fccktrittsrecht verlieren. Es wird individuell eine Best\u00e4tigung \u00fcber die Zustimmung zu Beginn der Vertragserf\u00fcllung per E-Mail (Regiondo) \u00fcbermittelt.<\/li>\n<\/ul>\n<p><strong>6. G\u00fcltigkeit von Gutscheinen<\/strong><\/p>\n<ul>\n<li>Gutscheine sind innerhalb des rechtlichen Rahmens ab Kaufdatum 1 Jahr g\u00fcltig.<\/li>\n<\/ul>\n<p><strong>7. Eigentumsvorbehalt<\/strong><\/p>\n<ul>\n<li>S\u00e4mtliche Inhalte, sind und bleiben Eigentum von Interactive Tours. Das Kopieren, Abfotografieren und\/oder Ver\u00f6ffentlichen\/Weiterleiten der digitalen Inhalte stellt eine Verletzung des Gesch\u00e4ftsgeheimnisses dar und wird bei Aufdeckung rechtlich geahndet. Wer Gesch\u00e4ftsgeheimnisse rechtswidrig erwirbt, nutzt oder offenlegt, kann auf Unterlassung, Beseitigung und bei Verschulden auf Schadenersatz in Anspruch genommen werden.<\/li>\n<\/ul>\n<p><strong>8. Haftungsausschluss<\/strong><\/p>\n<ul>\n<li>F\u00fcr Personensch\u00e4den und Sachsch\u00e4den, welche durch Unaufmerksamkeit w\u00e4hrend der Nutzung eines Produktes von Interactive Tours entstehen, sowohl f\u00fcr den Nutzer \/ die Nutzerin selbst als auch f\u00fcr Dritte, schlie\u00dft Interactive Tours jede Haftung aus.<\/li>\n<li>Die empfohlene Fortbewegungsart f\u00fcr alle Produkte ist \u201ezu Fu\u00df gehen\u201c, bzw. f\u00fcr TeilnehmerInnen mit Behinderung entsprechende unterst\u00fctzende Fortbewegungsmittel (Rollstuhl, Rollator, selbstfahrender Rollstuhl, etc.). Von der Nutzung von ausgeliehenen und oder nicht f\u00fcr die Fortbewegung unbedingt notwendigen Behelfen (zB: Citybikes, E-Scooter, E-Roller, Segways und derartige Fortbewegungsmittel), r\u00e4t Interactive Tours ausdr\u00fccklich ab. Interactive Tours schlie\u00dft jegliche Haftung f\u00fcr Sch\u00e4den, Verletzungen und Unf\u00e4lle, die durch die Nutzung dieser und anderer Fortbewegungsmittel entstanden sind, aus.<\/li>\n<li>Eltern haften f\u00fcr ihre Kinder. Interactive Tours geht davon aus, dass minderj\u00e4hrige Kinder\/Jugendliche von einer vollj\u00e4hrigen Aufsichtsperson begleitet werden.<\/li>\n<\/ul>\n<p><strong>\u00a0<\/strong><strong>9. Gew\u00e4hrleistung<\/strong><\/p>\n<ul>\n<li>Es gelten die gesetzlichen Gew\u00e4hrleistungsregelungen.<\/li>\n<\/ul>\n<p><strong>10. Datenschutz<\/strong><\/p>\n<ul>\n<li>Der Kunde \/ die Kundin nimmt die <a href=\"https:\/\/interactive-tours.eu\/de\/datenschutz\/\">Datenschutzerkl\u00e4rung<\/a> von Interactive Tours zur Kenntnis, akzeptiert diese, wird sie an die beteiligten Personen (Teilnehmer einer Veranstaltung) \u00fcbermitteln bzw. weiterleiten und daf\u00fcr Sorge tragen, dass die Datenschutzerkl\u00e4rung von diesen ebenfalls akzeptiert wird.<\/li>\n<li>Der Download von Fotos und Videos, die bei Nutzung eines erworbenen Produktes (Tour) gemacht wurden, ist aus Datenschutzgr\u00fcnden nur bis 90 Tage nach Erststart m\u00f6glich.<\/li>\n<\/ul>\n<\/div><\/div><\/div><\/div><\/div>\n","protected":false},"excerpt":{"rendered":"","protected":false},"author":1,"featured_media":0,"parent":0,"menu_order":0,"comment_status":"closed","ping_status":"closed","template":"","meta":{"footnotes":""},"class_list":["post-2175","page","type-page","status-publish","hentry"],"aioseo_notices":[],"_links":{"self":[{"href":"https:\/\/interactive-tours.eu\/de\/wp-json\/wp\/v2\/pages\/2175","targetHints":{"allow":["GET"]}}],"collection":[{"href":"https:\/\/interactive-tours.eu\/de\/wp-json\/wp\/v2\/pages"}],"about":[{"href":"https:\/\/interactive-tours.eu\/de\/wp-json\/wp\/v2\/types\/page"}],"author":[{"embeddable":true,"href":"https:\/\/interactive-tours.eu\/de\/wp-json\/wp\/v2\/users\/1"}],"replies":[{"embeddable":true,"href":"https:\/\/interactive-tours.eu\/de\/wp-json\/wp\/v2\/comments?post=2175"}],"version-history":[{"count":0,"href":"https:\/\/interactive-tours.eu\/de\/wp-json\/wp\/v2\/pages\/2175\/revisions"}],"wp:attachment":[{"href":"https:\/\/interactive-tours.eu\/de\/wp-json\/wp\/v2\/media?parent=2175"}],"curies":[{"name":"wp","href":"https:\/\/api.w.org\/{rel}","templated":true}]}}