{"id":3,"date":"2021-03-18T17:58:33","date_gmt":"2021-03-18T16:58:33","guid":{"rendered":"http:\/\/interactive-tours.eu\/?page_id=3"},"modified":"2024-02-15T10:21:53","modified_gmt":"2024-02-15T09:21:53","slug":"datenschutz","status":"publish","type":"page","link":"https:\/\/interactive-tours.eu\/de\/datenschutz\/","title":{"rendered":"Datenschutzerkl\u00e4rung"},"content":{"rendered":"<div class=\"fusion-fullwidth fullwidth-box fusion-builder-row-1 fusion-flex-container nonhundred-percent-fullwidth non-hundred-percent-height-scrolling\" style=\"--awb-border-radius-top-left:0px;--awb-border-radius-top-right:0px;--awb-border-radius-bottom-right:0px;--awb-border-radius-bottom-left:0px;--awb-flex-wrap:wrap;\" ><div class=\"fusion-builder-row fusion-row fusion-flex-align-items-flex-start fusion-flex-content-wrap\" style=\"max-width:1248px;margin-left: calc(-4% \/ 2 );margin-right: calc(-4% \/ 2 );\"><div class=\"fusion-layout-column fusion_builder_column fusion-builder-column-0 fusion_builder_column_1_1 1_1 fusion-flex-column\" style=\"--awb-bg-blend:overlay;--awb-bg-size:cover;--awb-width-large:100%;--awb-margin-top-large:0px;--awb-spacing-right-large:1.92%;--awb-margin-bottom-large:0px;--awb-spacing-left-large:1.92%;--awb-width-medium:100%;--awb-spacing-right-medium:1.92%;--awb-spacing-left-medium:1.92%;--awb-width-small:100%;--awb-spacing-right-small:1.92%;--awb-spacing-left-small:1.92%;\"><div class=\"fusion-column-wrapper fusion-flex-justify-content-flex-start fusion-content-layout-column\"><div class=\"fusion-text fusion-text-1\"><h1>Datenschutzerkl\u00e4rung<\/h1>\n<p>Der Schutz Ihrer pers\u00f6nlichen Daten ist uns ein besonderes Anliegen, deshalb ist nachfolgend unsere Datenschutzerkl\u00e4rung aufgef\u00fchrt, damit Sie bez\u00fcglich der Informationen, die wir von Ihnen erheben, und deren Nutzung, auf dem neuesten Stand sind. Pers\u00f6nliche Daten werden in Einklang mit der Datenschutz-Grundverordnung (Verordnung (EU) 2016\/679) und anderen anwendbaren nationalen und europ\u00e4ischen Gesetzen und Vorschriften (zusammen die \u201eDatenschutzgesetze\u201c) verarbeitet. Aus Gr\u00fcnden der leichteren Lesbarkeit wird in der vorliegenden Datenschutzrichtlinie die gewohnte m\u00e4nnliche Sprachform bei personenbezogenen Substantiven und Pronomen verwendet. Dies impliziert jedoch keine Benachteiligung des weiblichen Geschlechts, sondern soll im Sinne der sprachlichen Vereinfachung als geschlechtsneutral zu verstehen sein. Diese Datenschutzerkl\u00e4rung kann aktualisiert werden. Daher w\u00e4re es empfehlenswert, sie gelegentlich auf Neuerung zu \u00fcberpr\u00fcfen. Mit dem Besuch unsere Website, stimmen Sie den in dieser Datenschutzerkl\u00e4rung aufgef\u00fchrten Bestimmungen und unserer Verwendung von Cookies, so wie nachfolgend beschrieben, zu. Falls Sie diesen Bestimmungen nicht zustimmen, nutzen Sie unsere Seite bitte nicht.<\/p>\n<p><strong>1. Rechtsgrundlage<\/strong><br \/>\nDie EU-Datenschutz-Grundverordnung, das Datenschutzgesetz 2000 sowie das Datenschutz-Anpassungsgesetz 2018 dienen dem Recht auf Schutz personenbezogener Daten. Wir verarbeiten Ihre Daten ausschlie\u00dflich auf Grundlage der gesetzlichen Bestimmungen (DSGVO, DSG 2018, TKG 2003).<\/p>\n<p><strong>2. Grunds\u00e4tzliches<\/strong><br \/>\n<strong>2.1.<\/strong> Verantwortlicher ist<\/p>\n<p style=\"text-align: center;\">Mario Stoiber<br \/>\nKurrentgasse 10\/25, 1010 Wien<br \/>\nstoiber@himbeere.at<br \/>\n+43 (0)650 \/ 505 20 30<\/p>\n<p><strong>2.2.<\/strong> Uns ist es ein besonderes Anliegen, alle personenbezogenen Daten, die Sie uns anvertrauen, zu sch\u00fctzen und sicher zu verwahren. In diesem Dokument erfahren Sie mehr dar\u00fcber, wie wir Ihre personenbezogenen Daten verwenden und verarbeiten.<\/p>\n<p style=\"text-align: left;\"><strong>3. Zweckbindung, Rechtsgrundlage, Speicherdauer sowie Datenempf\u00e4nger<\/strong><\/p>\n<p style=\"text-align: left;\"><strong>3.1.<\/strong> Die gesammelten personenbezogenen Daten ben\u00f6tigen wir zur Terminvereinbarung, zur Vertragserf\u00fcllung, zur Verrechnung, f\u00fcr Zwecke des Kundenservice und f\u00fcr Werbezwecke. Die Daten werden hierf\u00fcr erhoben, gespeichert, verarbeitet und genutzt.<\/p>\n<p style=\"text-align: left;\"><strong>3.2.<\/strong> Die rechtlichen Grundlagen f\u00fcr die Verarbeitung von Ihren personenbezogenen Daten sind einerseits Vertragserf\u00fcllung, berechtigte Interessen, die Erf\u00fcllung unserer gesetzlichen bzw. vertraglichen Verpflichtungen sowie andererseits Ihre Einwilligung \u00fcber eine Checkbox in Verbindung mit dem Buchungsformular und die schriftliche Einwilligungserkl\u00e4rung und die Akzeptierung unserer Cookies. Die Nichtbereitstellung der Daten kann unterschiedliche Folgen haben.<\/p>\n<p style=\"text-align: left;\"><strong>3.3.<\/strong> Wir verarbeiten Ihre personenbezogenen Daten, wie Name, Telefonnummer, E-Mail-Adresse und Gesch\u00e4ftsadresse, soweit erforderlich, f\u00fcr die Dauer der gesamten Gesch\u00e4ftsbeziehung (von der Anbahnung, Abwicklung bis zur Beendigung eines Vertrags) sowie dar\u00fcber hinaus gem\u00e4\u00df den gesetzlichen Aufbewahrungs- und Dokumentationspflichten, die sich u.a. aus dem Unternehmensgesetzbuch (UGB), der Bundesabgabenordnung (BAO) ergeben sowie bis zur Beendigung eines allf\u00e4lligen Rechtsstreits, fortlaufender Gew\u00e4hrleistungs- und Garantiefristen usw.<\/p>\n<p style=\"text-align: left;\"><strong>3.4.<\/strong> Wenn Sie unsere Email Adresse verwenden, um uns eine Anfrage zu senden, werden wir Ihre Angaben f\u00fcr die Beantwortung nutzen und Aufzeichnungen \u00fcber Ihren Schriftverkehr mit uns aufbewahren.<\/p>\n<p style=\"text-align: left;\"><strong>3.5.<\/strong> Wir verwenden, falls zur Verf\u00fcgung gestellt, personenbezogene Daten nur f\u00fcr diese Website. F\u00fcr den Fall, dass Daten an so genannte Auftragsdatenverarbeiter (Steuer- und Buchungssoftware, Newsletter-Provider, Mail- und Webhost, IT-Dienstleister, Webagentur, etc.) \u00fcbermittelt werden, werden so genannte Auftragsdatenverarbeitungsvereinbarungen geschlossen, die den Umfang der Verarbeitung, die Speicherdauer, das Vorgehen nach Beendigung der Verarbeitung und die Technisch-organisatorischen Ma\u00dfnahmen umfassen. Wenn das beauftragte Unternehmen selbst Vertr\u00e4ge mit Dritten zur Verarbeitung personenbezogener Daten schlie\u00dft, tr\u00e4gt es ebenfalls daf\u00fcr Sorge, dass die vertraglich festgelegten Schutzma\u00dfnahmen ergriffen werden.<\/p>\n<p style=\"text-align: left;\"><strong>3.6<\/strong> Bildverarbeitung: Foto-Material aus Veranstaltungen kann f\u00fcr Werbezwecke der Agentur Himbeere herangezogen werden. Eine Bildaufnahme ist zul\u00e4ssig, wenn im Einzelfall \u00fcberwiegend berechtigtes Interesse des Verantwortlichen besteht und Verh\u00e4ltnism\u00e4\u00dfigkeit gegeben ist. Die Bildaufnahme verfolgt ein Dokumentationsinteresse, das nicht auf die identifizierende Erfassung beteiligter Personen oder die gezielte Erfassung von Objekten, die sich zur mittelbaren Identifizierung solcher Personen eignen, gerichtet ist. Ihnen stehen grunds\u00e4tzlich die Rechte auf Auskunft, Berichtigung, L\u00f6schung, Einschr\u00e4nkung, Daten\u00fcbertragbarkeit, Widerruf und Widerspruch zu.<\/p>\n<p><strong>4. Cookies, andere Tracking Tools sowie Web-Analyse<\/strong><br \/>\n<strong>4.1.<\/strong> Cookies und andere Tracking-Technologien sowie Funktionen des Webanalysedienstes Google (Google LLC, Palo Alto, Kalifornien, USA \u2013 Drittstaat, die \u00dcbermittlung erfolgt \u00fcber einen Angemessenheitsbeschluss der EU-Kommission \u201ePrivacy Shield\u201c) k\u00f6nnen auf unserer Internetplattform auf vielf\u00e4ltige Art und Weise zum Einsatz kommen. Cookies werden f\u00fcr die personalisierte Werbung verwendet. Cookies sind kleine Textinformationen, die eine Wiedererkennung des Nutzers und eine Analyse Ihrer Nutzung unserer Websites m\u00f6glich machen. Die dadurch erzeugten Informationen werden auf den Server des Anbieters \u00fcbertragen und dort gespeichert. Sie dienen dazu, unsere Internetpr\u00e4senz insgesamt nutzerfreundlicher, effektiver sowie sicherer zu machen. Zudem dienen Cookies zur Messung der H\u00e4ufigkeit von Seitenaufrufen und zur allgemeinen Navigation.<\/p>\n<p><strong>4.2.<\/strong> Durch die Nutzung unserer Website willigen Sie damit ein, dass wir Cookies setzen. Sie k\u00f6nnen in Ihren Browsereinstellungen die Annahme von Cookies verweigern. Wie dies im Einzelnen funktioniert, entnehmen Sie bitte der <strong>Anleitung Ihres Browser-Herstellers.<\/strong> Wenn Sie sich gegen bestimmte technische und\/oder funktionelle Cookies entscheiden, k\u00f6nnte die Funktionalit\u00e4t unserer Website eventuell eingeschr\u00e4nkt werden. Einige Cookies bleiben auf Ihrem Endger\u00e4t gespeichert, bis Sie diese l\u00f6schen.<\/p>\n<p><strong>4.3.<\/strong> Wir haben mit dem Anbieter einen entsprechenden Vertrag zur Auftragsdatenverarbeitung abgeschlossen. Diese haben sich zur Einhaltung der geltenden datenschutzrechtlichen Bestimmungen uns gegen\u00fcber verpflichtet. N\u00e4here Informationen zu den von uns beauftragten Auftragsdatenverarbeitern k\u00f6nnen Sie unter <a href=\"mailto:stoiber@himbeere.at\">stoiber@himbeere.at<\/a> anfragen.<\/p>\n<p><strong>4.4.<\/strong> Ihre IP-Adresse wird erfasst, aber umgehend durch L\u00f6schung der letzten 8 Bit pseudonymisiert. Dadurch ist nur mehr eine grobe Lokalisierung m\u00f6glich.<\/p>\n<p><strong>4.5.<\/strong> Die Beziehung zum Webanalyseanbieter basiert auf einem Angemessenheitsbeschluss der Europ\u00e4ischen Kommission.<\/p>\n<p><strong>4.6.<\/strong> Die Datenverarbeitung erfolgt auf Basis der gesetzlichen Bestimmungen des \u00a7 96 Abs 3 TKG sowie des Art 6 DSGVO (insbesondere Einwilligung). Da uns die Privatsph\u00e4re unserer Nutzer wichtig ist, werden die Nutzerdaten pseudonymisiert.<\/p>\n<p><strong>4.7.<\/strong> Social Plug-Ins: Auf unserer Webseite kommen Social Plugins von Facebook, Google, Youtube und gegebenenfalls anderen Social Media Seiten zum Einsatz. Hierf\u00fcr nutzen wir Plugins wie z.B. den \u201aLike\u2018-Button von Facebook und \u00e4hnliches. Es handelt sich dabei um Angebote dieser genannten Dritthersteller. Wenn Sie eine unserer Seiten besuchen, die ein solches Plug-In enth\u00e4lt, stellt dies jedoch keine Verbindung zu diesen Unternehmen her. Dies geschieht erst nach Ihrer ausdr\u00fccklichen Einwilligung, nach welcher Sie bei einem Klick auf einen entsprechenden Button gefragt werden. Details zur Verwendung Ihrer Daten nach Ihrer Einwilligung, finden Sie auf den jeweiligen Webseiten dieser Social-Media Anbieter. Hier finden Sie auch weiterf\u00fchrende Informationen zu Ihren Rechten und Einstellungsm\u00f6glichkeiten zum Schutz Ihrer Privatsph\u00e4re.<\/p>\n<p><strong>5. Einwilligung<\/strong><br \/>\n<strong>5.1.<\/strong> Ist f\u00fcr die Verarbeitung Ihrer Daten Ihre Zustimmung notwendig, verarbeiten wir diese erst nach Ihrer ausdr\u00fccklichen Zustimmung.<\/p>\n<p><strong>5.2.<\/strong> Grunds\u00e4tzlich verarbeiten wir keine Daten minderj\u00e4hriger Personen und sind dazu auch nicht befugt. Mit der Abgabe Ihrer Zustimmung best\u00e4tigen Sie, dass Sie das 14. Lebensjahr vollendet haben oder die Zustimmung Ihres gesetzlichen Vertreters vorliegt.<\/p>\n<p><strong>5.3.<\/strong> Ihre Zustimmung k\u00f6nnen Sie jederzeit unter folgender E-Mail Adresse widerrufen:<\/p>\n<p style=\"text-align: center;\"><a href=\"mailto:iinfo@interactive-tours.eu\">info@interactive-tours.eu<\/a><\/p>\n<p>In einem solchen Fall werden die bisher \u00fcber Sie gespeicherten Daten anonymisiert und in weiterer Folge lediglich f\u00fcr statistische Zwecke ohne Personenbezug weiterverwendet. Mittels des Widerrufs der Zustimmung wird die Rechtm\u00e4\u00dfigkeit der aufgrund der Zustimmung bis zum Widerruf erfolgten Verarbeitung nicht ber\u00fchrt. (Siehe Punkt 14)<\/p>\n<p><strong>6. Datensicherheit<\/strong><br \/>\n<strong>6.1.<\/strong> Wir setzen technische und organisatorische Sicherheitsma\u00dfnahmen ein, um die gespeicherten personenbezogenen Daten gegen zuf\u00e4llige oder vors\u00e4tzliche Manipulation, Verlust oder Zerst\u00f6rung und gegen den Zugriff unberechtigter Personen zu sch\u00fctzen. Unsere Sicherheitsma\u00dfnahmen werden entsprechend des technischen Fortschritts fortlaufend verbessert.<\/p>\n<p><strong>7. Ihre Rechte<\/strong><br \/>\n<strong>7.1.<\/strong> Sie haben jederzeit das Recht auf Auskunft seitens des Verantwortlichen Mario Stoiber \u00fcber die betreffenden personenbezogenen Daten. Soweit keine gesetzliche Aufbewahrungspflicht besteht, haben Sie das Recht auf L\u00f6schung dieser Daten sowie Widerspruch gegen die Verarbeitung. Ferner haben Sie das Recht auf Berichtigung der Daten sowie auf Einschr\u00e4nkung der Verarbeitung, auf Daten\u00fcbertragbarkeit sowie auf Beschwerde bei der <strong>\u00d6sterreichischen Datenschutzbeh\u00f6rde (Barichgasse 40 &#8211; 42, 1030 Wien, E-Mail: dsb@dsb.gv.at)<\/strong>.<\/p>\n<p><strong>7.2.<\/strong> Wenden Sie sich bez\u00fcglich Ihrer Rechte bitte an uns unter <span style=\"background-color: rgba(255, 255, 255, 0); color: var(--body_typography-color); font-family: var(--body_typography-font-family); font-size: var(--body_typography-font-size); font-style: var(--body_typography-font-style,normal); font-weight: var(--body_typography-font-weight); letter-spacing: var(--body_typography-letter-spacing);\"><a href=\"mailto:info@interactive-tours.eu\">info@interactive-tours.eu<\/a>.<\/span><\/p>\n<p><strong>8. Auskunftsrecht<\/strong><br \/>\nIhnen stehen grunds\u00e4tzlich die Rechte auf <strong>Auskunft, Berichtigung, L\u00f6schung, Einschr\u00e4nkung, Daten\u00fcbertragbarkeit, Widerruf<\/strong> und <strong>Widerspruch<\/strong> zu. Sie haben das Recht, vom Verantwortlichen eine Best\u00e4tigung dar\u00fcber zu verlangen, ob Ihre personenbezogenen Daten verarbeitet werden und welcher Kategorie diese Daten entsprechen; ist dies der Fall, so haben Sie ein Recht auf Auskunft \u00fcber diese personenbezogenen Daten und die damit einhergehenden folgenden Informationen:<\/p>\n<p>1. die <strong>Verarbeitungszwecke;<br \/>\n<\/strong><br \/>\n2. die Kategorien personenbezogener Daten, die verarbeitet werden;<\/p>\n<p>3. die <strong>Empf\u00e4nger oder Kategorien von Empf\u00e4ngern,<\/strong> gegen\u00fcber denen die personenbezogenen Daten offengelegt worden sind oder noch offengelegt werden, insbesondere bei Empf\u00e4ngern in Drittl\u00e4ndern oder bei internationalen Organisationen;<\/p>\n<p>4. falls m\u00f6glich die <strong>geplante Dauer,<\/strong> f\u00fcr die die personenbezogenen Daten gespeichert werden, oder, falls dies nicht m\u00f6glich ist, die Kriterien f\u00fcr die Festlegung dieser Dauer; das Bestehen eines <strong>Rechts auf Berichtigung<\/strong> oder <strong>L\u00f6schung<\/strong> der Sie betreffenden personenbezogenen Daten oder auf <strong>Einschr\u00e4nkung der Verarbeitung<\/strong> durch den Verantwortlichen oder eines Widerspruchsrechts gegen diese Verarbeitung;<\/p>\n<p>5. Das Recht auf <strong>Daten\u00fcbertragbarkeit<\/strong> Ihrer Daten,<\/p>\n<p>6. das <strong>Bestehen eines Beschwerderechts bei einer Aufsichtsbeh\u00f6rde.<\/strong><\/p>\n<p>Sofern Sie von Ihrem Recht auf Auskunft Gebrauch machen, wird Ihnen der Verantwortliche (Kontaktdaten nochmals am Dokumentenende) eine Kopie der personenbezogenen Daten, die Gegenstand der Verarbeitung sind, zur Verf\u00fcgung stellen. F\u00fcr alle weiteren Kopien, die Sie beantragen, kann der Verantwortliche ein angemessenes Entgelt auf der Grundlage der Verwaltungskosten verlangen. Sofern Sie den Antrag elektronisch stellen, werden Ihnen die Informationen in einem g\u00e4ngigen elektronischen und von Ihnen als sicher bekannt gegebenem Format zur Verf\u00fcgung gestellt, sofern Sie nichts anderes angeben.<\/p>\n<p><strong>9. Recht auf Berichtigung<\/strong><br \/>\nSie haben das Recht, vom Verantwortlichen unverz\u00fcglich die Berichtigung Sie betreffender unrichtiger personenbezogener Daten zu verlangen. Unter Ber\u00fccksichtigung der Zwecke der Verarbeitung haben Sie das Recht, die Vervollst\u00e4ndigung unvollst\u00e4ndiger personenbezogener \u2014 auch mittels einer erg\u00e4nzenden Erkl\u00e4rung \u2014 zu verlangen.<\/p>\n<p><strong>10. Recht auf L\u00f6schung \/ Recht auf \u201eVergessenwerden\u201c<\/strong><br \/>\nSie haben das Recht, vom Verantwortlichen zu verlangen, dass Sie betreffende personenbezogene Daten unverz\u00fcglich gel\u00f6scht werden, und der Verantwortliche ist verpflichtet, personenbezogene Daten unverz\u00fcglich zu l\u00f6schen, sofern einer der folgenden Gr\u00fcnde zutrifft:<\/p>\n<p>\u2022 Die personenbezogenen Daten sind f\u00fcr die Zwecke, f\u00fcr die sie erhoben oder auf sonstige Weise verarbeitet wurden,<strong> nicht mehr notwendig.<\/strong><\/p>\n<p>\u2022 Sie legen <strong>Widerspruch<\/strong> (Art 21 Abs 1 oder Abs 2 DSGVO) gegen die Verarbeitung ein und es liegen im Falle des Widerspruches gem\u00e4\u00df Art 21 Abs 1 DSGVO <strong>keine vorrangigen berechtigten Gr\u00fcnde<\/strong> f\u00fcr die Verarbeitung vor.<\/p>\n<p>\u2022 Die personenbezogenen Daten wurden <strong>unrechtm\u00e4\u00dfig verarbeitet.<\/strong><\/p>\n<p>\u2022 Die L\u00f6schung der personenbezogenen Daten ist zur <strong>Erf\u00fcllung einer rechtlichen Verpflichtung<\/strong> nach dem Unionsrecht oder dem Recht der Mitgliedstaaten erforderlich, dem der Verantwortliche unterliegt.<\/p>\n<p>Hat der Verantwortliche die personenbezogenen Daten \u00f6ffentlich gemacht und ist er zu deren L\u00f6schung verpflichtet, so trifft er angemessene Ma\u00dfnahmen, um auch andere f\u00fcr die Datenverarbeitung Verantwortliche (z.B. Auftragsdatenverarbeiter), die die personenbezogenen Daten verarbeiten, dar\u00fcber zu informieren, dass Sie die L\u00f6schung dieser personenbezogenen Daten verlangt haben.<\/p>\n<p><strong>11. Recht auf Einschr\u00e4nkung der Verarbeitung<\/strong><br \/>\nSie haben das Recht, vom Verantwortlichen die Einschr\u00e4nkung der Verarbeitung zu verlangen, wenn eine der folgenden Voraussetzungen gegeben ist:<\/p>\n<p>\u2022 Sie bestreiten die Richtigkeit der personenbezogenen Daten, und zwar f\u00fcr eine Dauer, die es dem Verantwortlichen erm\u00f6glicht, die Richtigkeit der personenbezogenen Daten zu \u00fcberpr\u00fcfen.<\/p>\n<p>\u2022 Die Verarbeitung ist unrechtm\u00e4\u00dfig, Sie lehnen die L\u00f6schung der personenbezogenen Daten ab und verlangen stattdessen die Einschr\u00e4nkung der Nutzung der personenbezogenen Daten.<\/p>\n<p>\u2022 Der Verantwortliche ben\u00f6tigt die personenbezogenen Daten f\u00fcr die Zwecke der Verarbeitung nicht l\u00e4nger, Sie ben\u00f6tigen sie jedoch zur Geltendmachung, Aus\u00fcbung oder Verteidigung von Rechtsanspr\u00fcchen.<\/p>\n<p>\u2022 Sie haben Widerspruch gem\u00e4\u00df Art 21 Abs 1 DSGVO eingelegt, solange noch nicht feststeht, ob die berechtigten Gr\u00fcnde des Verantwortlichen gegen\u00fcber Ihren \u00fcberwiegen.<\/p>\n<p>\u2022 Sofern Sie eine Einschr\u00e4nkung der Verarbeitung erwirkt haben, werden Sie von dem Verantwortlichen unterrichtet, bevor die Einschr\u00e4nkung aufgehoben wird.<\/p>\n<p><strong>12. Mitteilungspflicht im Zusammenhang mit der Berichtigung oder L\u00f6schung personenbezogener Daten oder der Einschr\u00e4nkung der Verarbeitung<\/strong><br \/>\nDer Verantwortliche teilt allen Empf\u00e4ngern, denen personenbezogenen Daten offengelegt wurden, jede Berichtigung oder L\u00f6schung der personenbezogenen Daten oder eine Einschr\u00e4nkung der Verarbeitung mit, es sei denn, dies erweist sich als unm\u00f6glich oder ist mit einem unverh\u00e4ltnism\u00e4\u00dfigen Aufwand verbunden. Der Verantwortliche unterrichtet Sie \u00fcber diese Empf\u00e4nger, wenn Sie dies verlangen.<\/p>\n<p><strong>13. Recht auf Daten\u00fcbertragbarkeit<\/strong><br \/>\nSie haben das Recht, die Sie betreffenden personenbezogenen Daten, die Sie dem Verantwortlichen bereitgestellt haben, in einem strukturierten, g\u00e4ngigen und maschinenlesbaren Format zu erhalten, und Sie haben das Recht, diese Daten einem anderen Verantwortlichen ohne Behinderung durch den Verantwortlichen, dem die personenbezogenen Daten bereitgestellt wurden, zu \u00fcbermitteln, sofern<\/p>\n<p>\u2022 die Verarbeitung auf einem Vertrag (Art 6 Abs 1 lit b DSGVO) beruht und<\/p>\n<p>\u2022 die Verarbeitung mithilfe automatisierter Verfahren erfolgt.<\/p>\n<p>Bei der Aus\u00fcbung Ihres Rechts auf Daten\u00fcbertragbarkeit haben Sie das Recht zu erwirken, dass die personenbezogenen Daten direkt von einem Verantwortlichen einem anderen Verantwortlichen \u00fcbermittelt werden, soweit dies technisch machbar ist. Die Aus\u00fcbung Ihres Rechtes auf Daten\u00fcbertragbarkeit l\u00e4sst Ihr Recht auf L\u00f6schung unber\u00fchrt.<\/p>\n<p><strong>14. Widerspruchsrecht<\/strong><br \/>\nSie haben das Recht, jederzeit gegen die Verarbeitung Sie betreffender personenbezogener Daten, die aufgrund von Art 6 Abs 1 lit e oder f DSGVO erfolgt, Widerspruch einzulegen.<br \/>\nDer Verantwortliche verarbeitet die personenbezogenen Daten nicht mehr, es sei denn, er kann zwingende schutzw\u00fcrdige Gr\u00fcnde f\u00fcr die Verarbeitung nachweisen, die Ihre Interessen, Rechte und Freiheiten \u00fcberwiegen, oder die Verarbeitung dient der Geltendmachung, Aus\u00fcbung oder Verteidigung von Rechtsanspr\u00fcchen. Werden personenbezogene Daten verarbeitet, um Direktwerbung zu betreiben, so haben Sie das Recht, jederzeit Widerspruch gegen die Verarbeitung Sie betreffender personenbezogener Daten zum Zwecke derartiger Werbung einzulegen; dies gilt auch f\u00fcr das Profiling, soweit es mit solcher Direktwerbung in Verbindung steht. Widersprechen Sie der Verarbeitung f\u00fcr Zwecke der Direktwerbung, so d\u00fcrfen die personenbezogenen Daten nicht mehr f\u00fcr diese Zwecke verarbeitet werden.<\/p>\n<p><strong>15. Zust\u00e4ndige Aufsichtsbeh\u00f6rde<\/strong><br \/>\nWenn Sie glauben, dass die Verarbeitung Ihrer Daten gegen das Datenschutzrecht verst\u00f6\u00dft oder Ihre datenschutzrechtlichen Anspr\u00fcche sonst in einer Weise verletzt worden sind, k\u00f6nnen Sie sich bei der Aufsichtsbeh\u00f6rde beschweren. In \u00d6sterreich ist dies die Datenschutzbeh\u00f6rde, die Sie hier kontaktieren k\u00f6nnen:<\/p>\n<p style=\"text-align: center;\"><strong>\u00d6sterreichische Datenschutzbeh\u00f6rde<\/strong><br \/>\nBarichgasse 40-42, 1030 Wien<br \/>\nTelefon: +43 1 52 152-0<br \/>\nE-Mail: dsb@dsb.gv.at<\/p>\n<p><strong>16. Kontakt \u2013 Anfragen bez\u00fcglich Ihrer personenbezogenen Daten<\/strong><br \/>\nWenn Sie wissen m\u00f6chten, welche Daten wir \u00fcber Sie gespeichert haben, k\u00f6nnen Sie sich jederzeit an uns unter stoiber@himbeere.at wenden um eine Kopie anzufordern. Wenn Sie von uns verlangen, Ihre personenbezogenen Daten zu l\u00f6schen, sollten Sie uns dar\u00fcber informieren. Wenn Sie der Meinung sind, dass unsere Informationen fehlerhaft oder unvollst\u00e4ndig sind, werden wir diese gerne berichtigen.<\/p>\n<p><strong>Datenverantwortlicher:<\/strong><\/p>\n<p style=\"text-align: center;\">Mario Stoiber<br \/>\nKurrentgasse 10\/25, 1010 Wien<br \/>\ninfo@interactive-tours.eu<br \/>\n0650 \/ 505 20 30<\/p>\n<p>17. Andere Webseiten<\/p>\n<p><span style=\"background-color: var(--awb-bg-color-hover); color: var(--awb-text-color); font-family: var(--awb-text-font-family); font-size: var(--awb-font-size); font-style: var(--awb-text-font-style); font-weight: var(--awb-text-font-weight); letter-spacing: var(--awb-letter-spacing); text-align: var(--awb-content-alignment); text-transform: var(--awb-text-transform);\">Unser Online Angebot enth\u00e4lt Links zu anderen Websites (zB: Facebook). Wir haben keinen Einfluss darauf, dass deren Betreiber die Datenschutzverordnung einhalten.<\/span><\/p>\n<p>Wir weisen darauf hin, dass ihre personenbezogenen Daten zur Personalisierung von Anzeigen verwendet werden und dass Cookies f\u00fcr personalisierte und nicht personalisierte Werbung verwendet werden k\u00f6nnen.<br \/>\nUm ihnen transparent zu machen, wie Google ihre personenbezogenen Daten verwendet, empfehlen wir Ihnen den Besuch auf der <a href=\"https:\/\/policies.google.com\/technologies\/partner-sites\" target=\"_blank\" rel=\"noopener\">Website zum Datenschutz und den Nutzungsbedingungen von Google<\/a>.<\/p>\n<\/div><\/div><\/div><\/div><\/div>\n","protected":false},"excerpt":{"rendered":"","protected":false},"author":1,"featured_media":0,"parent":0,"menu_order":0,"comment_status":"closed","ping_status":"open","template":"","meta":{"footnotes":""},"class_list":["post-3","page","type-page","status-publish","hentry"],"aioseo_notices":[],"_links":{"self":[{"href":"https:\/\/interactive-tours.eu\/de\/wp-json\/wp\/v2\/pages\/3","targetHints":{"allow":["GET"]}}],"collection":[{"href":"https:\/\/interactive-tours.eu\/de\/wp-json\/wp\/v2\/pages"}],"about":[{"href":"https:\/\/interactive-tours.eu\/de\/wp-json\/wp\/v2\/types\/page"}],"author":[{"embeddable":true,"href":"https:\/\/interactive-tours.eu\/de\/wp-json\/wp\/v2\/users\/1"}],"replies":[{"embeddable":true,"href":"https:\/\/interactive-tours.eu\/de\/wp-json\/wp\/v2\/comments?post=3"}],"version-history":[{"count":0,"href":"https:\/\/interactive-tours.eu\/de\/wp-json\/wp\/v2\/pages\/3\/revisions"}],"wp:attachment":[{"href":"https:\/\/interactive-tours.eu\/de\/wp-json\/wp\/v2\/media?parent=3"}],"curies":[{"name":"wp","href":"https:\/\/api.w.org\/{rel}","templated":true}]}}