{"id":3275,"date":"2022-01-25T16:34:32","date_gmt":"2022-01-25T15:34:32","guid":{"rendered":"https:\/\/interactive-tours.eu\/?page_id=3275"},"modified":"2023-02-17T11:49:07","modified_gmt":"2023-02-17T10:49:07","slug":"instructions","status":"publish","type":"page","link":"https:\/\/interactive-tours.eu\/de\/instructions\/","title":{"rendered":"Spielerkl\u00e4rung"},"content":{"rendered":"<p><div class=\"fusion-fullwidth fullwidth-box fusion-builder-row-1 fusion-flex-container nonhundred-percent-fullwidth non-hundred-percent-height-scrolling\" style=\"--awb-border-radius-top-left:0px;--awb-border-radius-top-right:0px;--awb-border-radius-bottom-right:0px;--awb-border-radius-bottom-left:0px;--awb-flex-wrap:wrap;\" ><div class=\"fusion-builder-row fusion-row fusion-flex-align-items-flex-start fusion-flex-content-wrap\" style=\"max-width:1248px;margin-left: calc(-4% \/ 2 );margin-right: calc(-4% \/ 2 );\"><div class=\"fusion-layout-column fusion_builder_column fusion-builder-column-0 fusion_builder_column_1_1 1_1 fusion-flex-column fusion-animated\" style=\"--awb-padding-right:10%;--awb-padding-left:10%;--awb-padding-right-small:0px;--awb-padding-left-small:0px;--awb-bg-size:cover;--awb-width-large:100%;--awb-margin-top-large:55px;--awb-spacing-right-large:1.92%;--awb-margin-bottom-large:50px;--awb-spacing-left-large:1.92%;--awb-width-medium:100%;--awb-order-medium:0;--awb-spacing-right-medium:1.92%;--awb-spacing-left-medium:1.92%;--awb-width-small:100%;--awb-order-small:0;--awb-spacing-right-small:1.92%;--awb-spacing-left-small:1.92%;\" data-animationType=\"fadeInUp\" data-animationDuration=\"1.0\" data-animationOffset=\"top-into-view\"><div class=\"fusion-column-wrapper fusion-column-has-shadow fusion-flex-justify-content-flex-start fusion-content-layout-column\"><div class=\"fusion-title title fusion-title-1 fusion-sep-none fusion-title-center fusion-title-text fusion-title-size-one\" style=\"--awb-sep-color:#474747;\"><h1 class=\"fusion-title-heading title-heading-center fusion-responsive-typography-calculated\" style=\"margin:0;--fontSize:40;line-height:1.3;\">Spielerkl\u00e4rung<\/h1><\/div><div class=\"fusion-text fusion-text-1\" style=\"--awb-content-alignment:center;\"><p>Support: <a href=\"mailto:support@interactive-tours.eu\">support@interactive-tours.eu<\/a><\/p>\n<\/div><\/div><\/div><\/div><\/div><div class=\"fusion-fullwidth fullwidth-box fusion-builder-row-2 fusion-flex-container nonhundred-percent-fullwidth non-hundred-percent-height-scrolling\" style=\"--awb-border-radius-top-left:0px;--awb-border-radius-top-right:0px;--awb-border-radius-bottom-right:0px;--awb-border-radius-bottom-left:0px;--awb-padding-top:50px;--awb-padding-bottom:50px;--awb-margin-top:0px;--awb-margin-bottom:59px;--awb-background-color:#f6f6f6;--awb-flex-wrap:wrap;\" ><div class=\"fusion-builder-row fusion-row fusion-flex-align-items-flex-start fusion-flex-content-wrap\" style=\"max-width:1248px;margin-left: calc(-4% \/ 2 );margin-right: calc(-4% \/ 2 );\"><div class=\"fusion-layout-column fusion_builder_column fusion-builder-column-1 fusion_builder_column_5_6 5_6 fusion-flex-column fusion-flex-align-self-stretch fusion-animated\" style=\"--awb-bg-size:cover;--awb-width-large:83.333333333333%;--awb-margin-top-large:25px;--awb-spacing-right-large:2.304%;--awb-margin-bottom-large:0px;--awb-spacing-left-large:2.304%;--awb-width-medium:100%;--awb-order-medium:0;--awb-spacing-right-medium:1.92%;--awb-spacing-left-medium:1.92%;--awb-width-small:100%;--awb-order-small:0;--awb-spacing-right-small:3.84%;--awb-margin-bottom-small:25px;--awb-spacing-left-small:3.84%;\" data-animationType=\"fadeInUp\" data-animationDuration=\"1.1\" data-animationOffset=\"top-into-view\"><div class=\"fusion-column-wrapper fusion-column-has-shadow fusion-flex-justify-content-flex-start fusion-content-layout-column\"><ul style=\"--awb-size:16px;--awb-iconcolor:#1660de;--awb-line-height:27.2px;--awb-icon-width:27.2px;--awb-icon-height:27.2px;--awb-icon-margin:11.2px;--awb-content-margin:38.4px;\" class=\"fusion-checklist fusion-checklist-1 fusion-checklist-default type-icons\"><li class=\"fusion-li-item\" style=\"\"><span class=\"icon-wrapper circle-no\"><i class=\"fusion-li-icon fa-angle-double-right fas\" aria-hidden=\"true\"><\/i><\/span><div class=\"fusion-li-item-content\">\n<p><strong>Ziel<\/strong> ist es, so viele Aufgaben wie m\u00f6glich zu erledigen, um neue Pl\u00e4tze interaktiv und spielerisch zu entdecken.<\/p>\n<\/div><\/li><li class=\"fusion-li-item\" style=\"\"><span class=\"icon-wrapper circle-no\"><i class=\"fusion-li-icon fa-angle-double-right fas\" aria-hidden=\"true\"><\/i><\/span><div class=\"fusion-li-item-content\">Sie ben\u00f6tigen ein <strong>Smartphone oder Tablet<\/strong> mit mobiler <strong>Internetverbindung<\/strong>, aktivierter Positionsanzeige (<strong>GPS<\/strong>) und vollem <strong>Akku<\/strong>.<\/div><\/li><li class=\"fusion-li-item\" style=\"\"><span class=\"icon-wrapper circle-no\"><i class=\"fusion-li-icon fa-angle-double-right fas\" aria-hidden=\"true\"><\/i><\/span><div class=\"fusion-li-item-content\">\n<p><strong>Spieleranzahl<\/strong>: optimal sind 1-3 Personen pro Smartphone bzw. 3-6 Personen pro Tablet.<\/p>\n<\/div><\/li><li class=\"fusion-li-item\" style=\"\"><span class=\"icon-wrapper circle-no\"><i class=\"fusion-li-icon fa-angle-double-right fas\" aria-hidden=\"true\"><\/i><\/span><div class=\"fusion-li-item-content\">\n<p><strong>Startplatz:<\/strong> Diesen finden Sie beim jeweiligen Produkt auf www.interactive-tours.eu<\/p>\n<\/div><\/li><li class=\"fusion-li-item\" style=\"\"><span class=\"icon-wrapper circle-no\"><i class=\"fusion-li-icon fa-angle-double-right fas\" aria-hidden=\"true\"><\/i><\/span><div class=\"fusion-li-item-content\">\n<p><strong>Spieldauer:<\/strong> Die reine Spielzeit betr\u00e4gt, je nach gew\u00e4hltem Produkt, 1 bis 4 Stunden.<br \/>\nSie k\u00f6nnen zeitlich individuell und flexibel starten und jederzeit beliebig f\u00fcr Pausen unterbrechen, auch \u00fcber mehrere Tage.<\/p>\n<\/div><\/li><li class=\"fusion-li-item\" style=\"\"><span class=\"icon-wrapper circle-no\"><i class=\"fusion-li-icon fa-angle-double-right fas\" aria-hidden=\"true\"><\/i><\/span><div class=\"fusion-li-item-content\">\n<p>In unseren Touren sind <strong>Foto- &amp; Videoaufgaben<\/strong> integriert. Gemachte Fotos und Videos sind online \u00fcber Ihre pers\u00f6nliche Galerie abrufbar. Den Link + PIN-Code bekommen Sie per E-Mail, nachdem Sie bei Spielstart Ihre E-Mail-Adresse angegeben haben.<\/p>\n<\/div><\/li><li class=\"fusion-li-item\" style=\"\"><span class=\"icon-wrapper circle-no\"><i class=\"fusion-li-icon fa-angle-double-right fas\" aria-hidden=\"true\"><\/i><\/span><div class=\"fusion-li-item-content\">\n<p><strong>Achtung:<\/strong> Aus Datenschutzgr\u00fcnden werden <strong>90 Tage<\/strong> <strong>nach Spielstart<\/strong> s\u00e4mtliche Daten, Fotos &amp; Videos unwiderruflich <strong>gel\u00f6scht<\/strong>!<\/p>\n<\/div><\/li><li class=\"fusion-li-item\" style=\"\"><span class=\"icon-wrapper circle-no\"><i class=\"fusion-li-icon fa-angle-double-right fas\" aria-hidden=\"true\"><\/i><\/span><div class=\"fusion-li-item-content\">\n<p>Unsere Touren beinhalten zahlreiche Aufgaben. Diese werden in der App jeweils auf einer <strong>Karte<\/strong> (Google Maps) mit einem <strong>Icon<\/strong> (<a href=\"https:\/\/interactive-tours.eu\/wp-content\/uploads\/2022\/04\/Spot-Icons-1.pdf\">Bedeutung der Icons<\/a>) angezeigt. Sie entscheiden, wann Sie wohin gehen und welche Aufgaben Sie erledigen wollen!<\/p>\n<\/div><\/li><li class=\"fusion-li-item\" style=\"\"><span class=\"icon-wrapper circle-no\"><i class=\"fusion-li-icon fa-angle-double-right fas\" aria-hidden=\"true\"><\/i><\/span><div class=\"fusion-li-item-content\">\n<p>Sie m\u00fcssen sich im Radius von <strong>50 Metern <\/strong>zu einem Icon befinden, damit Sie eine Aufgabe aktivieren k\u00f6nnen. Zuerst ein Icon antippen, dann erscheint der Name der Station (z.B. &#8222;Stephansplatz&#8220;). Klicken Sie auf diesen Namen um mit der\u00a0Aufgabe zu beginnen.<\/p>\n<\/div><\/li><li class=\"fusion-li-item\" style=\"\"><span class=\"icon-wrapper circle-no\"><i class=\"fusion-li-icon fa-angle-double-right fas\" aria-hidden=\"true\"><\/i><\/span><div class=\"fusion-li-item-content\">\n<p>Die Icons von <strong>abgeschlossenen Aufgaben<\/strong> erscheinen wie folgt:<\/p>\n<p>RICHTIG gel\u00f6st: <img decoding=\"async\" class=\"lazyload alignnone wp-image-4784\" src=\"https:\/\/interactive-tours.eu\/wp-content\/uploads\/2022\/04\/spot-Icon-richitg.png\" data-orig-src=\"https:\/\/interactive-tours.eu\/wp-content\/uploads\/2022\/04\/spot-Icon-richitg.png\" alt=\"\" width=\"45\" height=\"45\" srcset=\"data:image\/svg+xml,%3Csvg%20xmlns%3D%27http%3A%2F%2Fwww.w3.org%2F2000%2Fsvg%27%20width%3D%2745%27%20height%3D%2745%27%20viewBox%3D%270%200%2045%2045%27%3E%3Crect%20width%3D%2745%27%20height%3D%2745%27%20fill-opacity%3D%220%22%2F%3E%3C%2Fsvg%3E\" data-srcset=\"https:\/\/interactive-tours.eu\/wp-content\/uploads\/2022\/04\/spot-Icon-richitg-66x66.png 66w, https:\/\/interactive-tours.eu\/wp-content\/uploads\/2022\/04\/spot-Icon-richitg.png 88w\" data-sizes=\"auto\" data-orig-sizes=\"(max-width: 45px) 100vw, 45px\" \/>\u00a0 \u00a0 \u00a0 \u00a0 \u00a0 \u00a0 \u00a0 \u00a0 \u00a0 \u00a0 \u00a0 \u00a0 \u00a0 \u00a0 \u00a0 \u00a0 \u00a0 \u00a0 \u00a0 \u00a0 \u00a0FALSCH gel\u00f6st:\u00a0 <img decoding=\"async\" class=\"lazyload alignnone wp-image-4790\" src=\"https:\/\/interactive-tours.eu\/wp-content\/uploads\/2022\/04\/spot-icon-falsch.png\" data-orig-src=\"https:\/\/interactive-tours.eu\/wp-content\/uploads\/2022\/04\/spot-icon-falsch.png\" alt=\"\" width=\"45\" height=\"45\" srcset=\"data:image\/svg+xml,%3Csvg%20xmlns%3D%27http%3A%2F%2Fwww.w3.org%2F2000%2Fsvg%27%20width%3D%2745%27%20height%3D%2745%27%20viewBox%3D%270%200%2045%2045%27%3E%3Crect%20width%3D%2745%27%20height%3D%2745%27%20fill-opacity%3D%220%22%2F%3E%3C%2Fsvg%3E\" data-srcset=\"https:\/\/interactive-tours.eu\/wp-content\/uploads\/2022\/04\/spot-icon-falsch-66x66.png 66w, https:\/\/interactive-tours.eu\/wp-content\/uploads\/2022\/04\/spot-icon-falsch.png 88w\" data-sizes=\"auto\" data-orig-sizes=\"(max-width: 45px) 100vw, 45px\" \/><\/p>\n<\/div><\/li><li class=\"fusion-li-item\" style=\"\"><span class=\"icon-wrapper circle-no\"><i class=\"fusion-li-icon fa-angle-double-right fas\" aria-hidden=\"true\"><\/i><\/span><div class=\"fusion-li-item-content\">\n<p>Manche Aufgaben enthalten R\u00e4tselbilder. Sie k\u00f6nnen die Ansicht von <strong>Bildern<\/strong> in einer Aufgabe vergr\u00f6\u00dfern, indem Sie die <strong>Mitte des Bildes ber\u00fchren<\/strong>.<\/p>\n<\/div><\/li><li class=\"fusion-li-item\" style=\"\"><span class=\"icon-wrapper circle-no\"><i class=\"fusion-li-icon fa-angle-double-right fas\" aria-hidden=\"true\"><\/i><\/span><div class=\"fusion-li-item-content\">\n<p>Wenn das Spiel <strong>unterbrochen<\/strong> wird,\u00a0 schlie\u00dfen Sie die <strong>App \u201cInteractive Tours\u201d <\/strong>komplett und starten Sie diese neu. <img decoding=\"async\" class=\"lazyload alignleft\" src=\"data:image\/gif;base64,R0lGODlhAQABAAAAACH5BAEKAAEALAAAAAABAAEAAAICTAEAOw==\" data-orig-src=\"https:\/\/interactive-tours.eu\/wp-content\/uploads\/2022\/01\/IAT-icon.png\" width=\"50px\" \/><br \/>\nDas Spiel geht an gleicher Stelle weiter.<\/p>\n<\/div><\/li><li class=\"fusion-li-item\" style=\"\"><span class=\"icon-wrapper circle-no\"><i class=\"fusion-li-icon fa-angle-double-right fas\" aria-hidden=\"true\"><\/i><\/span><div class=\"fusion-li-item-content\">\n<p>Bei weiteren Fragen, sehen Sie sich bitte auch unsere <strong>FAQ<\/strong>\u00a0an: <a href=\"http:\/\/interactive-tours.eu\/faq\/\">interactive-tours.eu\/faq\/<\/a><\/p>\n<\/div><\/li><\/ul><\/div><\/div><\/div><\/div><\/p>\n","protected":false},"excerpt":{"rendered":"","protected":false},"author":1,"featured_media":0,"parent":0,"menu_order":0,"comment_status":"closed","ping_status":"closed","template":"100-width.php","meta":{"footnotes":""},"class_list":["post-3275","page","type-page","status-publish","hentry"],"aioseo_notices":[],"_links":{"self":[{"href":"https:\/\/interactive-tours.eu\/de\/wp-json\/wp\/v2\/pages\/3275","targetHints":{"allow":["GET"]}}],"collection":[{"href":"https:\/\/interactive-tours.eu\/de\/wp-json\/wp\/v2\/pages"}],"about":[{"href":"https:\/\/interactive-tours.eu\/de\/wp-json\/wp\/v2\/types\/page"}],"author":[{"embeddable":true,"href":"https:\/\/interactive-tours.eu\/de\/wp-json\/wp\/v2\/users\/1"}],"replies":[{"embeddable":true,"href":"https:\/\/interactive-tours.eu\/de\/wp-json\/wp\/v2\/comments?post=3275"}],"version-history":[{"count":0,"href":"https:\/\/interactive-tours.eu\/de\/wp-json\/wp\/v2\/pages\/3275\/revisions"}],"wp:attachment":[{"href":"https:\/\/interactive-tours.eu\/de\/wp-json\/wp\/v2\/media?parent=3275"}],"curies":[{"name":"wp","href":"https:\/\/api.w.org\/{rel}","templated":true}]}}