{"id":5819,"date":"2023-02-27T11:27:27","date_gmt":"2023-02-27T10:27:27","guid":{"rendered":"https:\/\/interactive-tours.eu\/explication-du-jeu\/"},"modified":"2023-03-08T13:25:47","modified_gmt":"2023-03-08T12:25:47","slug":"instruction","status":"publish","type":"page","link":"https:\/\/interactive-tours.eu\/fr\/instruction\/","title":{"rendered":"Explication du jeu"},"content":{"rendered":"<p><div class=\"fusion-fullwidth fullwidth-box fusion-builder-row-1 fusion-flex-container nonhundred-percent-fullwidth non-hundred-percent-height-scrolling\" style=\"--awb-border-radius-top-left:0px;--awb-border-radius-top-right:0px;--awb-border-radius-bottom-right:0px;--awb-border-radius-bottom-left:0px;--awb-flex-wrap:wrap;\" ><div class=\"fusion-builder-row fusion-row fusion-flex-align-items-flex-start fusion-flex-content-wrap\" style=\"max-width:1248px;margin-left: calc(-4% \/ 2 );margin-right: calc(-4% \/ 2 );\"><div class=\"fusion-layout-column fusion_builder_column fusion-builder-column-0 fusion_builder_column_1_1 1_1 fusion-flex-column fusion-animated\" style=\"--awb-padding-right:10%;--awb-padding-left:10%;--awb-padding-right-small:0px;--awb-padding-left-small:0px;--awb-bg-size:cover;--awb-width-large:100%;--awb-margin-top-large:55px;--awb-spacing-right-large:1.92%;--awb-margin-bottom-large:50px;--awb-spacing-left-large:1.92%;--awb-width-medium:100%;--awb-order-medium:0;--awb-spacing-right-medium:1.92%;--awb-spacing-left-medium:1.92%;--awb-width-small:100%;--awb-order-small:0;--awb-spacing-right-small:1.92%;--awb-spacing-left-small:1.92%;\" data-animationType=\"fadeInUp\" data-animationDuration=\"1.0\" data-animationOffset=\"top-into-view\"><div class=\"fusion-column-wrapper fusion-column-has-shadow fusion-flex-justify-content-flex-start fusion-content-layout-column\"><div class=\"fusion-title title fusion-title-1 fusion-sep-none fusion-title-center fusion-title-text fusion-title-size-one\" style=\"--awb-sep-color:#474747;\"><h1 class=\"fusion-title-heading title-heading-center fusion-responsive-typography-calculated\" style=\"margin:0;--fontSize:40;line-height:1.3;\">Explication du jeu<\/h1><\/div><div class=\"fusion-text fusion-text-1\" style=\"--awb-content-alignment:center;\"><p>Support: <a href=\"mailto:support@interactive-tours.eu\">support@interactive-tours.eu<\/a><\/p>\n<\/div><\/div><\/div><\/div><\/div><div class=\"fusion-fullwidth fullwidth-box fusion-builder-row-2 fusion-flex-container nonhundred-percent-fullwidth non-hundred-percent-height-scrolling\" style=\"--awb-border-radius-top-left:0px;--awb-border-radius-top-right:0px;--awb-border-radius-bottom-right:0px;--awb-border-radius-bottom-left:0px;--awb-padding-top:50px;--awb-padding-bottom:50px;--awb-margin-top:0px;--awb-margin-bottom:59px;--awb-background-color:#f6f6f6;--awb-flex-wrap:wrap;\" ><div class=\"fusion-builder-row fusion-row fusion-flex-align-items-flex-start fusion-flex-content-wrap\" style=\"max-width:1248px;margin-left: calc(-4% \/ 2 );margin-right: calc(-4% \/ 2 );\"><div class=\"fusion-layout-column fusion_builder_column fusion-builder-column-1 fusion_builder_column_5_6 5_6 fusion-flex-column fusion-flex-align-self-stretch fusion-animated\" style=\"--awb-bg-size:cover;--awb-width-large:83.333333333333%;--awb-margin-top-large:25px;--awb-spacing-right-large:2.304%;--awb-margin-bottom-large:0px;--awb-spacing-left-large:2.304%;--awb-width-medium:100%;--awb-order-medium:0;--awb-spacing-right-medium:1.92%;--awb-spacing-left-medium:1.92%;--awb-width-small:100%;--awb-order-small:0;--awb-spacing-right-small:3.84%;--awb-margin-bottom-small:25px;--awb-spacing-left-small:3.84%;\" data-animationType=\"fadeInUp\" data-animationDuration=\"1.1\" data-animationOffset=\"top-into-view\"><div class=\"fusion-column-wrapper fusion-column-has-shadow fusion-flex-justify-content-flex-start fusion-content-layout-column\"><ul style=\"--awb-size:16px;--awb-iconcolor:#1660de;--awb-line-height:27.2px;--awb-icon-width:27.2px;--awb-icon-height:27.2px;--awb-icon-margin:11.2px;--awb-content-margin:38.4px;\" class=\"fusion-checklist fusion-checklist-1 fusion-checklist-default type-icons\"><li class=\"fusion-li-item\" style=\"\"><span class=\"icon-wrapper circle-no\"><i class=\"fusion-li-icon fa-angle-double-right fas\" aria-hidden=\"true\"><\/i><\/span><div class=\"fusion-li-item-content\">\n<p>Le <strong>but <\/strong>du jeu est d&rsquo;accomplir autant de d\u00e9fis que possible afin de d\u00e9couvrir de nouveaux lieux de mani\u00e8re interactive et ludique.<\/p>\n<\/div><\/li><li class=\"fusion-li-item\" style=\"\"><span class=\"icon-wrapper circle-no\"><i class=\"fusion-li-icon fa-angle-double-right fas\" aria-hidden=\"true\"><\/i><\/span><div class=\"fusion-li-item-content\">\n<p>Vous avez besoin d&rsquo;un <strong>smartphone ou d&rsquo;une tablette<\/strong> avec une connexion internet mobile, un syst\u00e8me de localisation (<strong>GPS<\/strong>) activ\u00e9 et une<strong> batterie.<\/strong><\/p>\n<\/div><\/li><li class=\"fusion-li-item\" style=\"\"><span class=\"icon-wrapper circle-no\"><i class=\"fusion-li-icon fa-angle-double-right fas\" aria-hidden=\"true\"><\/i><\/span><div class=\"fusion-li-item-content\">\n<p><strong>Nombre de joueurs<\/strong> : le nombre optimal est de 1 \u00e0 3 personnes par smartphone ou de 3 \u00e0 6 personnes par tablette.<\/p>\n<\/div><\/li><li class=\"fusion-li-item\" style=\"\"><span class=\"icon-wrapper circle-no\"><i class=\"fusion-li-icon fa-angle-double-right fas\" aria-hidden=\"true\"><\/i><\/span><div class=\"fusion-li-item-content\">\n<p><strong>Point de d\u00e9part<\/strong> : celui-ci est indiqu\u00e9 pour chaque produit sur www.interactive-tours.eu.<\/p>\n<\/div><\/li><li class=\"fusion-li-item\" style=\"\"><span class=\"icon-wrapper circle-no\"><i class=\"fusion-li-icon fa-angle-double-right fas\" aria-hidden=\"true\"><\/i><\/span><div class=\"fusion-li-item-content\">\n<p><strong>Dur\u00e9e du jeu<\/strong> : le temps de jeu varie de 1 \u00e0 4 heures, selon le produit choisi. Vous pouvez commencer individuellement et de mani\u00e8re flexible. Vous pouvez vous arr\u00eater \u00e0 tout moment pour faire des pauses, m\u00eame sur plusieurs jours.<\/p>\n<\/div><\/li><li class=\"fusion-li-item\" style=\"\"><span class=\"icon-wrapper circle-no\"><i class=\"fusion-li-icon fa-angle-double-right fas\" aria-hidden=\"true\"><\/i><\/span><div class=\"fusion-li-item-content\">\n<p>Des d\u00e9fis <strong>photos et vid\u00e9os <\/strong>sont int\u00e9gr\u00e9s dans nos tours. Les photos et vid\u00e9os r\u00e9alis\u00e9es peuvent \u00eatre visionn\u00e9es en ligne via votre galerie personnelle. Vous recevrez le lien et le code PIN par e-mail apr\u00e8s avoir indiqu\u00e9 votre adresse e-mail au d\u00e9but du jeu.<\/p>\n<\/div><\/li><li class=\"fusion-li-item\" style=\"\"><span class=\"icon-wrapper circle-no\"><i class=\"fusion-li-icon fa-angle-double-right fas\" aria-hidden=\"true\"><\/i><\/span><div class=\"fusion-li-item-content\">\n<p><strong>Attention <\/strong>: pour des raisons de protection des donn\u00e9es, toutes les donn\u00e9es, photos et vid\u00e9os <strong>seront effac\u00e9es<\/strong> de mani\u00e8re d\u00e9finitive <strong>90 jours apr\u00e8s le d\u00e9but du jeu !<\/strong><\/p>\n<\/div><\/li><li class=\"fusion-li-item\" style=\"\"><span class=\"icon-wrapper circle-no\"><i class=\"fusion-li-icon fa-angle-double-right fas\" aria-hidden=\"true\"><\/i><\/span><div class=\"fusion-li-item-content\">\n<p>Nos tours comportent de nombreux d\u00e9fis. Chacun d&rsquo;entre eux est affich\u00e9 dans l&rsquo;application sur une <strong>carte<\/strong> (Google Maps) par une ic\u00f4ne (<a href=\"https:\/\/interactive-tours.eu\/wp-content\/uploads\/2022\/04\/Spot-Icons-1.pdf\">signification des ic\u00f4nes<\/a>). C&rsquo;est \u00e0 vous de d\u00e9cider o\u00f9 et quand vous voulez aller et quelles t\u00e2ches vous souhaitez accomplir !<\/p>\n<\/div><\/li><li class=\"fusion-li-item\" style=\"\"><span class=\"icon-wrapper circle-no\"><i class=\"fusion-li-icon fa-angle-double-right fas\" aria-hidden=\"true\"><\/i><\/span><div class=\"fusion-li-item-content\">\n<p>Vous devez vous trouver dans un rayon de <strong>50 m\u00e8tres<\/strong> d&rsquo;une ic\u00f4ne pour pouvoir activer un d\u00e9fi. Appuyez d&rsquo;abord sur l&rsquo;ic\u00f4ne, ensuite le nom de la station appara\u00eet (par ex. \u00ab\u00a0Stephansplatz\u00a0\u00bb). Cliquez sur ce nom pour commencer le d\u00e9fi.<\/p>\n<\/div><\/li><li class=\"fusion-li-item\" style=\"\"><span class=\"icon-wrapper circle-no\"><i class=\"fusion-li-icon fa-angle-double-right fas\" aria-hidden=\"true\"><\/i><\/span><div class=\"fusion-li-item-content\">\n<p>Les ic\u00f4nes des d\u00e9fis r\u00e9alis\u00e9s sont affich\u00e9s de la mani\u00e8re suivante :<\/p>\n<p>Correct:\u00a0 <img decoding=\"async\" class=\"lazyload alignnone wp-image-4784\" src=\"https:\/\/interactive-tours.eu\/wp-content\/uploads\/2022\/04\/spot-Icon-richitg.png\" data-orig-src=\"https:\/\/interactive-tours.eu\/wp-content\/uploads\/2022\/04\/spot-Icon-richitg.png\" alt=\"\" width=\"45\" height=\"45\" srcset=\"data:image\/svg+xml,%3Csvg%20xmlns%3D%27http%3A%2F%2Fwww.w3.org%2F2000%2Fsvg%27%20width%3D%2745%27%20height%3D%2745%27%20viewBox%3D%270%200%2045%2045%27%3E%3Crect%20width%3D%2745%27%20height%3D%2745%27%20fill-opacity%3D%220%22%2F%3E%3C%2Fsvg%3E\" data-srcset=\"https:\/\/interactive-tours.eu\/wp-content\/uploads\/2022\/04\/spot-Icon-richitg-66x66.png 66w, https:\/\/interactive-tours.eu\/wp-content\/uploads\/2022\/04\/spot-Icon-richitg.png 88w\" data-sizes=\"auto\" data-orig-sizes=\"(max-width: 45px) 100vw, 45px\" \/>\u00a0 \u00a0 \u00a0 \u00a0 \u00a0 \u00a0 \u00a0 \u00a0 \u00a0 \u00a0 \u00a0 \u00a0 \u00a0 \u00a0 \u00a0 \u00a0 \u00a0 \u00a0 \u00a0 \u00a0 \u00a0Incorrect:\u00a0 \u00a0<img decoding=\"async\" class=\"lazyload alignnone wp-image-4790\" src=\"https:\/\/interactive-tours.eu\/wp-content\/uploads\/2022\/04\/spot-icon-falsch.png\" data-orig-src=\"https:\/\/interactive-tours.eu\/wp-content\/uploads\/2022\/04\/spot-icon-falsch.png\" alt=\"\" width=\"45\" height=\"45\" srcset=\"data:image\/svg+xml,%3Csvg%20xmlns%3D%27http%3A%2F%2Fwww.w3.org%2F2000%2Fsvg%27%20width%3D%2745%27%20height%3D%2745%27%20viewBox%3D%270%200%2045%2045%27%3E%3Crect%20width%3D%2745%27%20height%3D%2745%27%20fill-opacity%3D%220%22%2F%3E%3C%2Fsvg%3E\" data-srcset=\"https:\/\/interactive-tours.eu\/wp-content\/uploads\/2022\/04\/spot-icon-falsch-66x66.png 66w, https:\/\/interactive-tours.eu\/wp-content\/uploads\/2022\/04\/spot-icon-falsch.png 88w\" data-sizes=\"auto\" data-orig-sizes=\"(max-width: 45px) 100vw, 45px\" \/><\/p>\n<\/div><\/li><li class=\"fusion-li-item\" style=\"\"><span class=\"icon-wrapper circle-no\"><i class=\"fusion-li-icon fa-angle-double-right fas\" aria-hidden=\"true\"><\/i><\/span><div class=\"fusion-li-item-content\">\n<p>Certains d\u00e9fis contiennent des images avec des \u00e9nigmes. Vous pouvez agrandir la vue <strong>des images<\/strong> en touchant <strong>le centre de celles-ci<\/strong>.<\/p>\n<\/div><\/li><li class=\"fusion-li-item\" style=\"\"><span class=\"icon-wrapper circle-no\"><i class=\"fusion-li-icon fa-angle-double-right fas\" aria-hidden=\"true\"><\/i><\/span><div class=\"fusion-li-item-content\">\n<p>Si le jeu est interrompu, fermez compl\u00e8tement l&rsquo;application \u00ab\u00a0Interactive Tours\u00a0\u00bb et red\u00e9marrez-la.. <img decoding=\"async\" class=\"lazyload alignleft\" src=\"data:image\/gif;base64,R0lGODlhAQABAAAAACH5BAEKAAEALAAAAAABAAEAAAICTAEAOw==\" data-orig-src=\"https:\/\/interactive-tours.eu\/wp-content\/uploads\/2022\/01\/IAT-icon.png\" width=\"50px\" \/><br \/>\nLe jeu reprendra au m\u00eame endroit.<\/p>\n<\/div><\/li><li class=\"fusion-li-item\" style=\"\"><span class=\"icon-wrapper circle-no\"><i class=\"fusion-li-icon fa-angle-double-right fas\" aria-hidden=\"true\"><\/i><\/span><div class=\"fusion-li-item-content\">\n<p>Si vous avez d&rsquo;autres questions, consultez \u00e9galement notre <strong>FAQ<\/strong> : <a href=\"http:\/\/interactive-tours.eu\/faq\/\">interactive-tours.eu\/faq\/<\/a><\/p>\n<\/div><\/li><\/ul><\/div><\/div><\/div><\/div><\/p>\n","protected":false},"excerpt":{"rendered":"","protected":false},"author":1,"featured_media":0,"parent":0,"menu_order":0,"comment_status":"closed","ping_status":"closed","template":"100-width.php","meta":{"footnotes":""},"class_list":["post-5819","page","type-page","status-publish","hentry"],"aioseo_notices":[],"_links":{"self":[{"href":"https:\/\/interactive-tours.eu\/fr\/wp-json\/wp\/v2\/pages\/5819","targetHints":{"allow":["GET"]}}],"collection":[{"href":"https:\/\/interactive-tours.eu\/fr\/wp-json\/wp\/v2\/pages"}],"about":[{"href":"https:\/\/interactive-tours.eu\/fr\/wp-json\/wp\/v2\/types\/page"}],"author":[{"embeddable":true,"href":"https:\/\/interactive-tours.eu\/fr\/wp-json\/wp\/v2\/users\/1"}],"replies":[{"embeddable":true,"href":"https:\/\/interactive-tours.eu\/fr\/wp-json\/wp\/v2\/comments?post=5819"}],"version-history":[{"count":0,"href":"https:\/\/interactive-tours.eu\/fr\/wp-json\/wp\/v2\/pages\/5819\/revisions"}],"wp:attachment":[{"href":"https:\/\/interactive-tours.eu\/fr\/wp-json\/wp\/v2\/media?parent=5819"}],"curies":[{"name":"wp","href":"https:\/\/api.w.org\/{rel}","templated":true}]}}